{"id":14,"date":"2024-09-18T21:48:56","date_gmt":"2024-09-18T18:48:56","guid":{"rendered":"http:\/\/limbustem.com\/?page_id=14"},"modified":"2025-02-04T23:51:01","modified_gmt":"2025-02-04T20:51:01","slug":"press","status":"publish","type":"page","link":"https:\/\/limbustem.com\/index.php\/press\/","title":{"rendered":"News"},"content":{"rendered":"\n<h1 class=\"wp-block-heading has-text-align-center\">News and Media<\/h1>\n\n\n\n<div style=\"height:35px\" aria-hidden=\"true\" class=\"wp-block-spacer\"><\/div>\n\n\n\n<p><em>You can find all our past news and updates here.<\/em><\/p>\n\n\n\n<div style=\"height:35px\" aria-hidden=\"true\" class=\"wp-block-spacer\"><\/div>\n\n\n\n<h1 class=\"wp-block-heading\">Prizes<\/h1>\n\n\n\n<div style=\"height:20px\" aria-hidden=\"true\" class=\"wp-block-spacer\"><\/div>\n\n\n\n<div class=\"wp-block-media-text is-stacked-on-mobile\" style=\"grid-template-columns:37% auto\"><figure class=\"wp-block-media-text__media\"><a href=\"https:\/\/datahub.womentecheurope.eu\/participants\/\"><img loading=\"lazy\" decoding=\"async\" width=\"1024\" height=\"1024\" src=\"http:\/\/limbustem.com\/wp-content\/uploads\/2025\/02\/WhatsApp-Image-2025-02-03-at-14.31.38-1024x1024.jpeg\" alt=\"\" class=\"wp-image-649 size-full\" srcset=\"https:\/\/limbustem.com\/wp-content\/uploads\/2025\/02\/WhatsApp-Image-2025-02-03-at-14.31.38-1024x1024.jpeg 1024w, https:\/\/limbustem.com\/wp-content\/uploads\/2025\/02\/WhatsApp-Image-2025-02-03-at-14.31.38-300x300.jpeg 300w, https:\/\/limbustem.com\/wp-content\/uploads\/2025\/02\/WhatsApp-Image-2025-02-03-at-14.31.38-150x150.jpeg 150w, https:\/\/limbustem.com\/wp-content\/uploads\/2025\/02\/WhatsApp-Image-2025-02-03-at-14.31.38-768x768.jpeg 768w, https:\/\/limbustem.com\/wp-content\/uploads\/2025\/02\/WhatsApp-Image-2025-02-03-at-14.31.38.jpeg 1080w\" sizes=\"auto, (max-width: 1024px) 100vw, 1024px\" \/><\/a><\/figure><div class=\"wp-block-media-text__content\">\n<p>As Limbustem, we are proud to announce that we have been awarded within the scope of the Women TechEU Program supported by the European Union!&nbsp;<\/p>\n\n\n\n<div class=\"wp-block-buttons is-layout-flex wp-block-buttons-is-layout-flex\">\n<div class=\"wp-block-button is-style-outline is-style-outline--1\"><a class=\"wp-block-button__link wp-element-button\" href=\"http:\/\/limbustem.com\/index.php\/643-2\/\">Read More<\/a><\/div>\n<\/div>\n\n\n\n<p><\/p>\n<\/div><\/div>\n\n\n\n<div style=\"height:50px\" aria-hidden=\"true\" class=\"wp-block-spacer\"><\/div>\n\n\n\n<h1 class=\"wp-block-heading\">Media<\/h1>\n\n\n\n<div style=\"height:20px\" aria-hidden=\"true\" class=\"wp-block-spacer\"><\/div>\n\n\n\n<div class=\"wp-block-group is-horizontal is-content-justification-center is-nowrap is-layout-flex wp-container-core-group-is-layout-1 wp-block-group-is-layout-flex\">\n<figure class=\"wp-block-image size-large is-resized\"><a href=\"https:\/\/www.aa.com.tr\/tr\/saglik\/babanin-gozunden-alinan-dokuyla-gelistirilen-kok-hucre-ogluna-isik-oldu\/2966267#\" target=\"_blank\" rel=\"noreferrer noopener\"><img loading=\"lazy\" decoding=\"async\" width=\"1024\" height=\"1024\" src=\"http:\/\/limbustem.com\/wp-content\/uploads\/2024\/10\/AA_logo_renkli-2-1024x1024.png\" alt=\"\" class=\"wp-image-417\" style=\"width:250px\" srcset=\"https:\/\/limbustem.com\/wp-content\/uploads\/2024\/10\/AA_logo_renkli-2-1024x1024.png 1024w, https:\/\/limbustem.com\/wp-content\/uploads\/2024\/10\/AA_logo_renkli-2-300x300.png 300w, https:\/\/limbustem.com\/wp-content\/uploads\/2024\/10\/AA_logo_renkli-2-150x150.png 150w, https:\/\/limbustem.com\/wp-content\/uploads\/2024\/10\/AA_logo_renkli-2-768x768.png 768w, https:\/\/limbustem.com\/wp-content\/uploads\/2024\/10\/AA_logo_renkli-2-1536x1536.png 1536w, https:\/\/limbustem.com\/wp-content\/uploads\/2024\/10\/AA_logo_renkli-2-2048x2048.png 2048w, https:\/\/limbustem.com\/wp-content\/uploads\/2024\/10\/AA_logo_renkli-2-600x600.png 600w, https:\/\/limbustem.com\/wp-content\/uploads\/2024\/10\/AA_logo_renkli-2-1200x1200.png 1200w, https:\/\/limbustem.com\/wp-content\/uploads\/2024\/10\/AA_logo_renkli-2-800x800.png 800w\" sizes=\"auto, (max-width: 1024px) 100vw, 1024px\" \/><\/a><\/figure>\n\n\n\n<figure class=\"wp-block-image size-large is-resized\"><a href=\"https:\/\/www.gazeteduvar.com.tr\/babasinin-gozunden-alinan-doku-ile-yeniden-goruyor-galeri-1632562\" target=\"_blank\" rel=\"noreferrer noopener\"><img loading=\"lazy\" decoding=\"async\" width=\"771\" height=\"771\" src=\"http:\/\/limbustem.com\/wp-content\/uploads\/2024\/10\/Gazete_duvaR.png\" alt=\"\" class=\"wp-image-415\" style=\"width:250px\" srcset=\"https:\/\/limbustem.com\/wp-content\/uploads\/2024\/10\/Gazete_duvaR.png 771w, https:\/\/limbustem.com\/wp-content\/uploads\/2024\/10\/Gazete_duvaR-300x300.png 300w, https:\/\/limbustem.com\/wp-content\/uploads\/2024\/10\/Gazete_duvaR-150x150.png 150w, https:\/\/limbustem.com\/wp-content\/uploads\/2024\/10\/Gazete_duvaR-768x768.png 768w, https:\/\/limbustem.com\/wp-content\/uploads\/2024\/10\/Gazete_duvaR-600x600.png 600w\" sizes=\"auto, (max-width: 771px) 100vw, 771px\" \/><\/a><\/figure>\n\n\n\n<figure class=\"wp-block-image size-full is-resized\"><a href=\"https:\/\/www.hurriyet.com.tr\/yerel-haberler\/izmir\/babanin-gozunden-alinan-dokuyla-gelistirilen-ko-42314784\" target=\"_blank\" rel=\"noreferrer noopener\"><img loading=\"lazy\" decoding=\"async\" width=\"866\" height=\"650\" src=\"http:\/\/limbustem.com\/wp-content\/uploads\/2024\/10\/890_hurriyetgazetesi.jpg\" alt=\"\" class=\"wp-image-420\" style=\"width:250px\" srcset=\"https:\/\/limbustem.com\/wp-content\/uploads\/2024\/10\/890_hurriyetgazetesi.jpg 866w, https:\/\/limbustem.com\/wp-content\/uploads\/2024\/10\/890_hurriyetgazetesi-300x225.jpg 300w, https:\/\/limbustem.com\/wp-content\/uploads\/2024\/10\/890_hurriyetgazetesi-768x576.jpg 768w, https:\/\/limbustem.com\/wp-content\/uploads\/2024\/10\/890_hurriyetgazetesi-600x450.jpg 600w\" sizes=\"auto, (max-width: 866px) 100vw, 866px\" \/><\/a><\/figure>\n\n\n\n<figure class=\"wp-block-image size-full is-resized\"><a href=\"https:\/\/egeajans.ege.edu.tr\/?p=15054\" target=\"_blank\" rel=\"noreferrer noopener\"><img loading=\"lazy\" decoding=\"async\" width=\"124\" height=\"93\" src=\"http:\/\/limbustem.com\/wp-content\/uploads\/2024\/10\/cropped-websayfasi-edited.png\" alt=\"\" class=\"wp-image-434\" style=\"width:134px;height:auto\"\/><\/a><\/figure>\n<\/div>\n\n\n\n<div class=\"wp-block-group is-horizontal is-content-justification-center is-nowrap is-layout-flex wp-container-core-group-is-layout-2 wp-block-group-is-layout-flex\" style=\"font-size:200px\">\n<figure class=\"wp-block-image size-full is-resized\"><a href=\"https:\/\/www.cnnturk.com\/yerel-haberler\/izmir\/babanin-gozunden-alinan-dokuyla-gelistirilen-kok-hucre-ogluna-isik-oldu-2034009\" target=\"_blank\" rel=\"noreferrer noopener\"><img loading=\"lazy\" decoding=\"async\" width=\"252\" height=\"200\" src=\"http:\/\/limbustem.com\/wp-content\/uploads\/2024\/10\/images.png\" alt=\"\" class=\"wp-image-427\" style=\"width:200px\"\/><\/a><\/figure>\n\n\n\n<figure class=\"wp-block-image size-full is-resized\"><a href=\"https:\/\/m.aksam.com.tr\/foto-galeri\/yasam\/babanin-gozunden-alinan-doku-ogluna-isk-oldu-evladini-ilk-kez-gorme-sansina-eristi\/71258\/\" target=\"_blank\" rel=\"noreferrer noopener\"><img loading=\"lazy\" decoding=\"async\" width=\"1166\" height=\"294\" src=\"http:\/\/limbustem.com\/wp-content\/uploads\/2024\/10\/Aksam_Gazetesi_logosu.png\" alt=\"\" class=\"wp-image-432\" style=\"width:300px\" srcset=\"https:\/\/limbustem.com\/wp-content\/uploads\/2024\/10\/Aksam_Gazetesi_logosu.png 1166w, https:\/\/limbustem.com\/wp-content\/uploads\/2024\/10\/Aksam_Gazetesi_logosu-300x76.png 300w, https:\/\/limbustem.com\/wp-content\/uploads\/2024\/10\/Aksam_Gazetesi_logosu-1024x258.png 1024w, https:\/\/limbustem.com\/wp-content\/uploads\/2024\/10\/Aksam_Gazetesi_logosu-768x194.png 768w, https:\/\/limbustem.com\/wp-content\/uploads\/2024\/10\/Aksam_Gazetesi_logosu-600x151.png 600w\" sizes=\"auto, (max-width: 1166px) 100vw, 1166px\" \/><\/a><\/figure>\n\n\n\n<figure class=\"wp-block-image size-full is-resized\"><a href=\"https:\/\/www.dha.com.tr\/yerel-haberler\/izmir\/babanin-gozunden-alinan-dokuyla-gelistirilen-ko-2296654\" target=\"_blank\" rel=\"noreferrer noopener\"><img loading=\"lazy\" decoding=\"async\" width=\"185\" height=\"50\" src=\"http:\/\/limbustem.com\/wp-content\/uploads\/2024\/10\/dha-logo.png\" alt=\"\" class=\"wp-image-429\" style=\"width:199px;height:auto\"\/><\/a><\/figure>\n<\/div>\n\n\n\n<div style=\"height:50px\" aria-hidden=\"true\" class=\"wp-block-spacer\"><\/div>\n\n\n\n<figure class=\"wp-block-gallery has-nested-images columns-default is-cropped wp-block-gallery-2 is-layout-flex wp-block-gallery-is-layout-flex\">\n<figure class=\"wp-block-image size-large is-resized\"><img loading=\"lazy\" decoding=\"async\" width=\"583\" height=\"1024\" data-id=\"442\" src=\"http:\/\/limbustem.com\/wp-content\/uploads\/2024\/10\/Z33vD_1691901890_7576_w750_h1317-583x1024.png\" alt=\"\" class=\"wp-image-442\" style=\"width:395px;height:auto\" srcset=\"https:\/\/limbustem.com\/wp-content\/uploads\/2024\/10\/Z33vD_1691901890_7576_w750_h1317-583x1024.png 583w, https:\/\/limbustem.com\/wp-content\/uploads\/2024\/10\/Z33vD_1691901890_7576_w750_h1317-171x300.png 171w, https:\/\/limbustem.com\/wp-content\/uploads\/2024\/10\/Z33vD_1691901890_7576_w750_h1317-600x1054.png 600w, https:\/\/limbustem.com\/wp-content\/uploads\/2024\/10\/Z33vD_1691901890_7576_w750_h1317.png 750w\" sizes=\"auto, (max-width: 583px) 100vw, 583px\" \/><\/figure>\n\n\n\n<figure class=\"wp-block-image size-large\"><img loading=\"lazy\" decoding=\"async\" width=\"607\" height=\"1024\" data-id=\"443\" src=\"http:\/\/limbustem.com\/wp-content\/uploads\/2024\/10\/ebRY7_1691901910_1409_w750_h1265-607x1024.png\" alt=\"\" class=\"wp-image-443\" srcset=\"https:\/\/limbustem.com\/wp-content\/uploads\/2024\/10\/ebRY7_1691901910_1409_w750_h1265-607x1024.png 607w, https:\/\/limbustem.com\/wp-content\/uploads\/2024\/10\/ebRY7_1691901910_1409_w750_h1265-178x300.png 178w, https:\/\/limbustem.com\/wp-content\/uploads\/2024\/10\/ebRY7_1691901910_1409_w750_h1265-600x1012.png 600w, https:\/\/limbustem.com\/wp-content\/uploads\/2024\/10\/ebRY7_1691901910_1409_w750_h1265.png 750w\" sizes=\"auto, (max-width: 607px) 100vw, 607px\" \/><\/figure>\n<\/figure>\n\n\n\n<div style=\"height:50px\" aria-hidden=\"true\" class=\"wp-block-spacer\"><\/div>\n\n\n<div class=\"wp-block-image is-style-default\">\n<figure class=\"aligncenter size-full is-resized\"><a href=\"https:\/\/www.aa.com.tr\/tr\/saglik\/babanin-gozunden-alinan-dokuyla-gelistirilen-kok-hucre-ogluna-isik-oldu\/2966267#:~:text=K\u00fclt\u00fcre%20edilmi\u015f%20h\u00fccrelerle%20tedavi&amp;text=Hastan\u0131n%20iki%20g\u00f6z\u00fcnde%20de%20k\u00f6k,k\u00f6k%20h\u00fccreleri%20yerine%20koymu\u015f%20olduk.\"><img loading=\"lazy\" decoding=\"async\" width=\"509\" height=\"418\" src=\"http:\/\/limbustem.com\/wp-content\/uploads\/2024\/12\/news.png\" alt=\"\" class=\"wp-image-541\" style=\"width:500px\" srcset=\"https:\/\/limbustem.com\/wp-content\/uploads\/2024\/12\/news.png 509w, https:\/\/limbustem.com\/wp-content\/uploads\/2024\/12\/news-300x246.png 300w\" sizes=\"auto, (max-width: 509px) 100vw, 509px\" \/><\/a><\/figure><\/div>\n\n\n<div style=\"height:50px\" aria-hidden=\"true\" class=\"wp-block-spacer\"><\/div>\n\n\n\n<figure class=\"wp-block-embed aligncenter is-type-video is-provider-dailymotion wp-block-embed-dailymotion wp-embed-aspect-16-9 wp-has-aspect-ratio\"><div class=\"wp-block-embed__wrapper\">\n<iframe loading=\"lazy\" title=\"Baban\u0131n g\u00f6z\u00fcnden al\u0131nan dokuyla geli\u015ftirilen k\u00f6k h\u00fccre o\u011fluna \u0131\u015f\u0131k oldu (1)\" frameborder=\"0\" width=\"1200\" height=\"674\" src=\"https:\/\/geo.dailymotion.com\/player.html?video=x8n6070&#038;\" allowfullscreen allow=\"autoplay; fullscreen; picture-in-picture; web-share\"><\/iframe>\n<\/div><\/figure>\n\n\n\n<div style=\"height:50px\" aria-hidden=\"true\" class=\"wp-block-spacer\"><\/div>\n\n\n\n<p><\/p>\n","protected":false},"excerpt":{"rendered":"<p>News and Media You can find all our past news and updates here. Prizes Media<\/p>\n","protected":false},"author":1,"featured_media":0,"parent":0,"menu_order":0,"comment_status":"closed","ping_status":"closed","template":"","meta":{"footnotes":""},"class_list":["post-14","page","type-page","status-publish","hentry"],"_links":{"self":[{"href":"https:\/\/limbustem.com\/index.php\/wp-json\/wp\/v2\/pages\/14","targetHints":{"allow":["GET"]}}],"collection":[{"href":"https:\/\/limbustem.com\/index.php\/wp-json\/wp\/v2\/pages"}],"about":[{"href":"https:\/\/limbustem.com\/index.php\/wp-json\/wp\/v2\/types\/page"}],"author":[{"embeddable":true,"href":"https:\/\/limbustem.com\/index.php\/wp-json\/wp\/v2\/users\/1"}],"replies":[{"embeddable":true,"href":"https:\/\/limbustem.com\/index.php\/wp-json\/wp\/v2\/comments?post=14"}],"version-history":[{"count":33,"href":"https:\/\/limbustem.com\/index.php\/wp-json\/wp\/v2\/pages\/14\/revisions"}],"predecessor-version":[{"id":679,"href":"https:\/\/limbustem.com\/index.php\/wp-json\/wp\/v2\/pages\/14\/revisions\/679"}],"wp:attachment":[{"href":"https:\/\/limbustem.com\/index.php\/wp-json\/wp\/v2\/media?parent=14"}],"curies":[{"name":"wp","href":"https:\/\/api.w.org\/{rel}","templated":true}]}}