{"id":980,"date":"2025-11-10T11:26:18","date_gmt":"2025-11-10T08:26:18","guid":{"rendered":"http:\/\/limbustem.com\/?page_id=980"},"modified":"2025-11-10T11:55:05","modified_gmt":"2025-11-10T08:55:05","slug":"gender-equality-plan-gep","status":"publish","type":"page","link":"https:\/\/limbustem.com\/index.php\/gender-equality-plan-gep\/","title":{"rendered":"Gender Equality Plan (GEP)"},"content":{"rendered":"<style>\n  \/* PDF'in orant\u0131l\u0131 kalmas\u0131 i\u00e7in stil *\/\n  .pdf-container {\n    position: relative;\n    width: 100%;\n    \/* 1.414 (A4 oran\u0131) i\u00e7in %141.4, daha az\u0131 i\u00e7in %129.4 (Letter) *\/\n    padding-bottom: 129.4%; \n    height: 0;\n    overflow: hidden;\n    margin-bottom: 10px;\n  }\n  .pdf-container iframe {\n    position: absolute;\n    top: 0;\n    left: 0;\n    width: 100%;\n    height: 100%;\n    border: 1px solid #ddd;\n  }\n  .pdf-download-link {\n    display: block;\n    text-align: center;\n    padding: 10px;\n    font-weight: bold;\n    text-decoration: none;\n  }\n<\/style>\n<div class=\"gep-document-embed\" style=\"max-width: 800px; margin: 20px auto;\">\n<h1 style=\"text-align: center; margin-bottom: 20px;\">Gender Equality Plan (GEP)<\/h1>\n<div class=\"pdf-container\">\n    <iframe src=\"http:\/\/limbustem.com\/wp-content\/uploads\/2025\/11\/Gender-Equality-Plan.pdf\" \n            title=\"Gender Equality Plan (GEP) - Limbustem\"><br \/>\n    <\/iframe>\n  <\/div>\n<p>  <a href=\"http:\/\/limbustem.com\/wp-content\/uploads\/2025\/11\/Gender-Equality-Plan.pdf\" \n     class=\"pdf-download-link\" \n     download><br \/>\n    Download the document as a PDF<br \/>\n  <\/a><\/p>\n<\/div>\n\n\n\n<p><\/p>\n","protected":false},"excerpt":{"rendered":"","protected":false},"author":1,"featured_media":0,"parent":0,"menu_order":0,"comment_status":"closed","ping_status":"closed","template":"","meta":{"footnotes":""},"class_list":["post-980","page","type-page","status-publish","hentry"],"_links":{"self":[{"href":"https:\/\/limbustem.com\/index.php\/wp-json\/wp\/v2\/pages\/980","targetHints":{"allow":["GET"]}}],"collection":[{"href":"https:\/\/limbustem.com\/index.php\/wp-json\/wp\/v2\/pages"}],"about":[{"href":"https:\/\/limbustem.com\/index.php\/wp-json\/wp\/v2\/types\/page"}],"author":[{"embeddable":true,"href":"https:\/\/limbustem.com\/index.php\/wp-json\/wp\/v2\/users\/1"}],"replies":[{"embeddable":true,"href":"https:\/\/limbustem.com\/index.php\/wp-json\/wp\/v2\/comments?post=980"}],"version-history":[{"count":10,"href":"https:\/\/limbustem.com\/index.php\/wp-json\/wp\/v2\/pages\/980\/revisions"}],"predecessor-version":[{"id":995,"href":"https:\/\/limbustem.com\/index.php\/wp-json\/wp\/v2\/pages\/980\/revisions\/995"}],"wp:attachment":[{"href":"https:\/\/limbustem.com\/index.php\/wp-json\/wp\/v2\/media?parent=980"}],"curies":[{"name":"wp","href":"https:\/\/api.w.org\/{rel}","templated":true}]}}